{"id":9,"date":"2026-04-06T16:58:01","date_gmt":"2026-04-06T16:58:01","guid":{"rendered":"https:\/\/stckredim.com\/?page_id=9"},"modified":"2026-04-06T17:33:58","modified_gmt":"2026-04-06T17:33:58","slug":"iletisim","status":"publish","type":"page","link":"https:\/\/stckredim.com\/?page_id=9","title":{"rendered":"\u0130leti\u015fim"},"content":{"rendered":"\n<p>STC Kredim olarak T\u00fcrkiye genelinde bireysel ve ticari kredi dan\u0131\u015fmanl\u0131\u011f\u0131 hizmeti sunmaktay\u0131z. Finansal ihtiya\u00e7lar\u0131n\u0131z i\u00e7in bizimle diledi\u011finiz zaman ileti\u015fime ge\u00e7ebilirsiniz.<\/p>\n\n\n\n<p>\ud83d\udcde <strong>Telefon &amp; WhatsApp:<\/strong> 0535 668 74 22<br>\ud83c\udf0d <strong>Hizmet B\u00f6lgesi:<\/strong> T\u00fcrkiye Geneli<\/p>\n\n\n\n<p>Uzman ekibimiz, kredi s\u00fcre\u00e7lerinizle ilgili t\u00fcm sorular\u0131n\u0131z\u0131 yan\u0131tlamak ve size en uygun \u00e7\u00f6z\u00fcmleri sunmak i\u00e7in haz\u0131rd\u0131r.<\/p>\n\n\n\n<p>H\u0131zl\u0131, g\u00fcvenilir ve profesyonel destek i\u00e7in hemen bizimle ileti\u015fime ge\u00e7in.<\/p>\n","protected":false},"excerpt":{"rendered":"<p>STC Kredim olarak T\u00fcrkiye genelinde bireysel ve ticari kredi dan\u0131\u015fmanl\u0131\u011f\u0131 hizmeti sunmaktay\u0131z. Finansal ihtiya\u00e7lar\u0131n\u0131z i\u00e7in bizimle diledi\u011finiz zaman ileti\u015fime ge\u00e7ebilirsiniz. \ud83d\udcde Telefon &amp; WhatsApp: 0535 668 74 22\ud83c\udf0d Hizmet B\u00f6lgesi: T\u00fcrkiye Geneli Uzman ekibimiz, kredi s\u00fcre\u00e7lerinizle ilgili t\u00fcm sorular\u0131n\u0131z\u0131 yan\u0131tlamak ve size en uygun \u00e7\u00f6z\u00fcmleri sunmak i\u00e7in haz\u0131rd\u0131r. H\u0131zl\u0131, g\u00fcvenilir ve profesyonel destek i\u00e7in hemen [&hellip;]<\/p>\n","protected":false},"author":1,"featured_media":0,"parent":0,"menu_order":0,"comment_status":"closed","ping_status":"closed","template":"","meta":{"footnotes":""},"class_list":["post-9","page","type-page","status-publish","hentry"],"_links":{"self":[{"href":"https:\/\/stckredim.com\/index.php?rest_route=\/wp\/v2\/pages\/9","targetHints":{"allow":["GET"]}}],"collection":[{"href":"https:\/\/stckredim.com\/index.php?rest_route=\/wp\/v2\/pages"}],"about":[{"href":"https:\/\/stckredim.com\/index.php?rest_route=\/wp\/v2\/types\/page"}],"author":[{"embeddable":true,"href":"https:\/\/stckredim.com\/index.php?rest_route=\/wp\/v2\/users\/1"}],"replies":[{"embeddable":true,"href":"https:\/\/stckredim.com\/index.php?rest_route=%2Fwp%2Fv2%2Fcomments&post=9"}],"version-history":[{"count":2,"href":"https:\/\/stckredim.com\/index.php?rest_route=\/wp\/v2\/pages\/9\/revisions"}],"predecessor-version":[{"id":41,"href":"https:\/\/stckredim.com\/index.php?rest_route=\/wp\/v2\/pages\/9\/revisions\/41"}],"wp:attachment":[{"href":"https:\/\/stckredim.com\/index.php?rest_route=%2Fwp%2Fv2%2Fmedia&parent=9"}],"curies":[{"name":"wp","href":"https:\/\/api.w.org\/{rel}","templated":true}]}}