{"id":7,"date":"2026-04-06T16:58:01","date_gmt":"2026-04-06T16:58:01","guid":{"rendered":"https:\/\/stckredim.com\/?page_id=7"},"modified":"2026-04-06T17:32:42","modified_gmt":"2026-04-06T17:32:42","slug":"hakkimizda","status":"publish","type":"page","link":"https:\/\/stckredim.com\/?page_id=7","title":{"rendered":"Hakk\u0131m\u0131zda"},"content":{"rendered":"\n<p>STC Kredim olarak, bireysel ve ticari kredi dan\u0131\u015fmanl\u0131\u011f\u0131 alan\u0131nda m\u00fc\u015fterilerimize h\u0131zl\u0131, g\u00fcvenilir ve sonu\u00e7 odakl\u0131 \u00e7\u00f6z\u00fcmler sunuyoruz. Finans sekt\u00f6r\u00fcndeki tecr\u00fcbemiz ve g\u00fc\u00e7l\u00fc i\u015f ortakl\u0131klar\u0131m\u0131z sayesinde, ihtiya\u00e7lar\u0131n\u0131za en uygun kredi se\u00e7eneklerini belirleyerek s\u00fcrecinizi en do\u011fru \u015fekilde y\u00f6netiyoruz.<\/p>\n\n\n\n<p>Her m\u00fc\u015fterimizin finansal durumu ve beklentisi farkl\u0131d\u0131r. Bu y\u00fczden STC Kredim olarak standart \u00e7\u00f6z\u00fcmler yerine, size \u00f6zel analizler yaparak en avantajl\u0131 kredi alternatiflerini sunuyoruz. Ba\u015fvuru s\u00fcrecinden onay a\u015famas\u0131na kadar t\u00fcm ad\u0131mlarda yan\u0131n\u0131zda olarak zaman kayb\u0131n\u0131 en aza indiriyor, s\u00fcreci sizin i\u00e7in kolayla\u015ft\u0131r\u0131yoruz.<\/p>\n\n\n\n<p>Amac\u0131m\u0131z yaln\u0131zca kredi sa\u011flamak de\u011fil, ayn\u0131 zamanda m\u00fc\u015fterilerimizin finansal s\u00fcre\u00e7lerini do\u011fru y\u00f6netmelerine yard\u0131mc\u0131 olmakt\u0131r. \u015eeffafl\u0131k, g\u00fcven ve m\u00fc\u015fteri memnuniyeti bizim i\u00e7in her zaman \u00f6nceliklidir.<\/p>\n\n\n\n<p>STC Kredim ile finansal hedeflerinize daha h\u0131zl\u0131 ve daha g\u00fcvenli bir \u015fekilde ula\u015fabilirsiniz.<\/p>\n","protected":false},"excerpt":{"rendered":"<p>STC Kredim olarak, bireysel ve ticari kredi dan\u0131\u015fmanl\u0131\u011f\u0131 alan\u0131nda m\u00fc\u015fterilerimize h\u0131zl\u0131, g\u00fcvenilir ve sonu\u00e7 odakl\u0131 \u00e7\u00f6z\u00fcmler sunuyoruz. Finans sekt\u00f6r\u00fcndeki tecr\u00fcbemiz ve g\u00fc\u00e7l\u00fc i\u015f ortakl\u0131klar\u0131m\u0131z sayesinde, ihtiya\u00e7lar\u0131n\u0131za en uygun kredi se\u00e7eneklerini belirleyerek s\u00fcrecinizi en do\u011fru \u015fekilde y\u00f6netiyoruz. Her m\u00fc\u015fterimizin finansal durumu ve beklentisi farkl\u0131d\u0131r. Bu y\u00fczden STC Kredim olarak standart \u00e7\u00f6z\u00fcmler yerine, size \u00f6zel analizler yaparak [&hellip;]<\/p>\n","protected":false},"author":1,"featured_media":0,"parent":0,"menu_order":0,"comment_status":"closed","ping_status":"closed","template":"","meta":{"footnotes":""},"class_list":["post-7","page","type-page","status-publish","hentry"],"_links":{"self":[{"href":"https:\/\/stckredim.com\/index.php?rest_route=\/wp\/v2\/pages\/7","targetHints":{"allow":["GET"]}}],"collection":[{"href":"https:\/\/stckredim.com\/index.php?rest_route=\/wp\/v2\/pages"}],"about":[{"href":"https:\/\/stckredim.com\/index.php?rest_route=\/wp\/v2\/types\/page"}],"author":[{"embeddable":true,"href":"https:\/\/stckredim.com\/index.php?rest_route=\/wp\/v2\/users\/1"}],"replies":[{"embeddable":true,"href":"https:\/\/stckredim.com\/index.php?rest_route=%2Fwp%2Fv2%2Fcomments&post=7"}],"version-history":[{"count":2,"href":"https:\/\/stckredim.com\/index.php?rest_route=\/wp\/v2\/pages\/7\/revisions"}],"predecessor-version":[{"id":39,"href":"https:\/\/stckredim.com\/index.php?rest_route=\/wp\/v2\/pages\/7\/revisions\/39"}],"wp:attachment":[{"href":"https:\/\/stckredim.com\/index.php?rest_route=%2Fwp%2Fv2%2Fmedia&parent=7"}],"curies":[{"name":"wp","href":"https:\/\/api.w.org\/{rel}","templated":true}]}}